{"id":78,"date":"2026-02-11T06:16:13","date_gmt":"2026-02-11T05:16:13","guid":{"rendered":"https:\/\/dingy-en-vuache-2026.fr\/?page_id=78"},"modified":"2026-02-25T13:05:29","modified_gmt":"2026-02-25T12:05:29","slug":"notre-charte","status":"publish","type":"page","link":"https:\/\/dingy-en-vuache-2026.fr\/?page_id=78","title":{"rendered":"Notre Charte"},"content":{"rendered":"\n<p class=\"has-medium-font-size\"><br>\u00a0<strong><u>Charte \u00e9thique<\/u><\/strong><br>\u00a0<br><strong>1. Des \u00e9lus disponibles et responsables<\/strong><br>\u00a0<br>Nous faisons le choix d\u2019engagements clairs concernant le fonctionnement m\u00eame de l\u2019\u00e9quipe municipale.<br>\u00a0<br>\u2705 La modulation des indemnit\u00e9s en fonction de la participation<br>\u00a0<br>Nous proposons de moduler le montant des indemnit\u00e9s des conseillers municipaux en fonction de leur participation effective aux s\u00e9ances et aux travaux municipaux. \u00catre \u00e9lu, c\u2019est un engagement au service des habitants qui suppose pr\u00e9sence, travail et implication.<br>\u00a0<br>\u2705 La limitation \u00e0 deux mandats cons\u00e9cutifs pour le maire<br>\u00a0<br>Nous d\u00e9fendons le principe d\u2019un maire n\u2019exer\u00e7ant pas plus de deux mandats cons\u00e9cutifs. Cette r\u00e8gle permet le renouvellement des id\u00e9es, l\u2019ouverture \u00e0 de nouvelles \u00e9nergies et \u00e9vite toute personnalisation durable de la fonction.<br>\u00a0<br>\u2705 La limitation des diff\u00e9rents mandats exerc\u00e9s par le maire<br>\u00a0<br>Le maire ne devra exercer aucun mandat politique sans lien direct et exclusif avec les int\u00e9r\u00eats de la commune, afin de garantir une disponibilit\u00e9 totale et une action exclusivement tourn\u00e9e vers Dingy-en-Vuache.<br>\u00a0<br>\u00a0<br><strong>2. Pr\u00e9vention des conflits d\u2019int\u00e9r\u00eats<\/strong><br>\u00a0<br>Nous posons des r\u00e8gles pr\u00e9cises afin que chaque d\u00e9cision municipale soit prise uniquement dans l&rsquo;int\u00e9r\u00eat g\u00e9n\u00e9ral.<br>\u00a0<br>\u2705 La mise en place de m\u00e9canismes de d\u00e9tection des conflits d\u2019int\u00e9r\u00eats<br>\u00a0<br>Nous mettrons en place une proc\u00e9dure claire permettant d\u2019identifier, avant chaque s\u00e9ance, les situations de conflit d\u2019int\u00e9r\u00eats et les \u00e9lus devant se d\u00e9porter. La transparence des d\u00e9cisions suppose clart\u00e9 et anticipation.<br>\u00a0<br>\u2705 La d\u00e9signation d\u2019un r\u00e9f\u00e9rent \u00e9thique<br>\u00a0<br>Un r\u00e9f\u00e9rent \u00e9thique ind\u00e9pendant sera d\u00e9sign\u00e9, avec pour mission d\u2019accompagner les \u00e9lus et agents dans la pr\u00e9vention des risques d\u00e9ontologiques.<br>\u00a0<br>\u2705 Une formation adapt\u00e9e<br>\u00a0<br>Des temps d\u2019information seront organis\u00e9s pour rappeler les r\u00e8gles applicables (march\u00e9s publics, urbanisme, subventions, gestion des relations avec les administr\u00e9s, etc). L\u2019objectif est d\u2019\u00e9viter les erreurs avant qu\u2019elles ne surviennent.<br>\u00a0<br>\u2705 L\u2019interdiction des cadeaux et avantages<br>\u00a0<br>Les \u00e9lus ne pourront accepter aucun cadeau ni avantage provenant d\u2019une entreprise ou d\u2019un prestataire travaillant avec la commune. L\u2019action publique doit rester ind\u00e9pendante de toute influence.<br>\u00a0<br>\u00a0<br><strong>3. Transparence de l\u2019action publique<\/strong><br>\u00a0<br>Parce que la confiance dans l\u2019action municipale repose sur l\u2019acc\u00e8s \u00e0 l\u2019information, nous prenons des engagements clairs en mati\u00e8re de transparence.<br>\u00a0<br>\u2705 La publication de l\u2019assiduit\u00e9 des \u00e9lus<br>\u00a0<br>L\u2019assiduit\u00e9 des conseillers municipaux aux s\u00e9ances du conseil municipal sera rendue publique et mise en ligne afin que chacun puisse conna\u00eetre l\u2019implication r\u00e9elle des \u00e9lus.<br>\u00a0<br>\u2705 La mise en ligne des principaux documents communaux<br>\u00a0<br>Seront accessibles en ligne les documents communicables les plus importants : d\u00e9lib\u00e9rations, arr\u00eat\u00e9s r\u00e9glementaires, comptes-rendus des s\u00e9ances pl\u00e9ni\u00e8res ainsi que les principaux \u00e9l\u00e9ments budg\u00e9taires.<br>\u00a0<br>\u2705 La transparence sur les indemnit\u00e9s des \u00e9lus<br>\u00a0<br>Le montant des indemnit\u00e9s per\u00e7ues chaque ann\u00e9e par chaque conseiller municipal sera rendu public.<br>\u00a0<br>\u2705 La transparence sur les contentieux de la commune<br>\u00a0<br>Les frais d\u2019avocats engag\u00e9s par la commune ainsi que les jugements rendus seront mis en ligne, afin d\u2019assurer une information compl\u00e8te des habitants sur la gestion des affaires communales.<br>\u00a0<br><strong>4. Contr\u00f4le et bonne gestion<\/strong><br>\u00a0<br>Parce que la gestion des finances communales engage l\u2019int\u00e9r\u00eat g\u00e9n\u00e9ral, nous prenons des engagements concrets pour garantir rigueur, lisibilit\u00e9 et responsabilit\u00e9 dans l\u2019utilisation de l\u2019argent public.<br>\u00a0<br>\u2705 Une transparence accrue sur les d\u00e9penses communales<br>\u00a0<br>Le budget communal fera l\u2019objet chaque ann\u00e9e d\u2019une pr\u00e9sentation claire et accessible aux habitants et sera mis en ligne, afin que chacun puisse comprendre simplement l\u2019utilisation de l\u2019argent public et les priorit\u00e9s municipales.<br>\u00a0<br>\u2705 La mise en place d\u2019une commission de contr\u00f4le financier<br>\u00a0<br>Une commission d\u00e9di\u00e9e assurera un suivi r\u00e9gulier de la situation financi\u00e8re de la commune afin d\u2019anticiper les \u00e9carts budg\u00e9taires, s\u00e9curiser les d\u00e9cisions d\u2019investissement et garantir une gestion prudente des finances communales.<br>\u00a0<br>\u2705 Un suivi renforc\u00e9 des contrats et de la commande publique<br>\u00a0<br>Les contrats engageant la commune et les proc\u00e9dures de commande publique feront l\u2019objet d\u2019un suivi attentif afin d\u2019assurer la bonne utilisation des deniers publics et l\u2019\u00e9galit\u00e9 de traitement entre les entreprises.<br><strong>\u00a0<\/strong><br><strong>5. Participation citoyenne<\/strong><br>\u00a0<br>Parce que les d\u00e9cisions municipales engagent durablement la commune, nous souhaitons associer pleinement les habitants \u00e0 la vie d\u00e9mocratique locale.<br>\u00a0<br>\u2705 Consulter les habitants sur les projets structurants<br>\u00a0<br>Des consultations locales seront syst\u00e9matiquement organis\u00e9es pour les projets importants engageant l\u2019avenir de la commune, avec la possibilit\u00e9 de recourir \u00e0 des r\u00e9f\u00e9rendums locaux lorsque cela sera pertinent.<br>\u00a0<br>\u2705 Garantir l\u2019expression de tous les points de vue<br>\u00a0<br>Les proc\u00e9dures de participation permettront \u00e0 chacun de s\u2019exprimer librement. Le pluralisme d\u00e9mocratique sera \u00e9galement assur\u00e9 au sein du conseil municipal, notamment en accordant \u00e0 l\u2019opposition une place dans les commissions municipales importantes.<br>\u00a0<br><strong>6\ufe0f. Lutte contre les atteintes \u00e0 la probit\u00e9<\/strong><br>\u00a0<br>Parce que l\u2019exemplarit\u00e9 des \u00e9lus est une condition essentielle de la confiance publique, nous prenons des engagements clairs en mati\u00e8re d\u2019int\u00e9grit\u00e9.<br>\u00a0<br>\u2705 La suspension des fonctions ex\u00e9cutives en cas de mise en examen<br>\u00a0<br>Tout \u00e9lu mis en examen pour des faits portant atteinte \u00e0 la probit\u00e9 sera suspendu de ses fonctions ex\u00e9cutives pendant la dur\u00e9e de la proc\u00e9dure judiciaire. Cette mesure ne pr\u00e9juge pas de la culpabilit\u00e9 mais vise \u00e0 pr\u00e9server la s\u00e9r\u00e9nit\u00e9 de l\u2019action municipale.<br>\u00a0<br>\u2705 Le retrait d\u00e9finitif des fonctions ex\u00e9cutives en cas de condamnation<br>\u00a0<br>Tout \u00e9lu d\u00e9finitivement condamn\u00e9 pour une atteinte \u00e0 la probit\u00e9 se verra retirer ses fonctions ex\u00e9cutives. L\u2019exercice de responsabilit\u00e9s municipales exige une exemplarit\u00e9 irr\u00e9prochable.<\/p>\n","protected":false},"excerpt":{"rendered":"<p>\u00a0Charte \u00e9thique\u00a01. Des \u00e9lus disponibles et responsables\u00a0Nous faisons le choix d\u2019engagements clairs concernant le fonctionnement m\u00eame de l\u2019\u00e9quipe municipale.\u00a0\u2705 La modulation des indemnit\u00e9s en fonction de la participation\u00a0Nous proposons de moduler le montant des indemnit\u00e9s des conseillers municipaux en fonction &hellip; <a href=\"https:\/\/dingy-en-vuache-2026.fr\/?page_id=78\">Continuer la lecture <span class=\"meta-nav\">&rarr;<\/span><\/a><\/p>\n","protected":false},"author":1,"featured_media":89,"parent":0,"menu_order":0,"comment_status":"closed","ping_status":"closed","template":"","meta":{"footnotes":""},"class_list":["post-78","page","type-page","status-publish","has-post-thumbnail","hentry"],"_links":{"self":[{"href":"https:\/\/dingy-en-vuache-2026.fr\/index.php?rest_route=\/wp\/v2\/pages\/78","targetHints":{"allow":["GET"]}}],"collection":[{"href":"https:\/\/dingy-en-vuache-2026.fr\/index.php?rest_route=\/wp\/v2\/pages"}],"about":[{"href":"https:\/\/dingy-en-vuache-2026.fr\/index.php?rest_route=\/wp\/v2\/types\/page"}],"author":[{"embeddable":true,"href":"https:\/\/dingy-en-vuache-2026.fr\/index.php?rest_route=\/wp\/v2\/users\/1"}],"replies":[{"embeddable":true,"href":"https:\/\/dingy-en-vuache-2026.fr\/index.php?rest_route=%2Fwp%2Fv2%2Fcomments&post=78"}],"version-history":[{"count":6,"href":"https:\/\/dingy-en-vuache-2026.fr\/index.php?rest_route=\/wp\/v2\/pages\/78\/revisions"}],"predecessor-version":[{"id":96,"href":"https:\/\/dingy-en-vuache-2026.fr\/index.php?rest_route=\/wp\/v2\/pages\/78\/revisions\/96"}],"wp:featuredmedia":[{"embeddable":true,"href":"https:\/\/dingy-en-vuache-2026.fr\/index.php?rest_route=\/wp\/v2\/media\/89"}],"wp:attachment":[{"href":"https:\/\/dingy-en-vuache-2026.fr\/index.php?rest_route=%2Fwp%2Fv2%2Fmedia&parent=78"}],"curies":[{"name":"wp","href":"https:\/\/api.w.org\/{rel}","templated":true}]}}